{"id":130,"date":"2017-11-27T09:11:31","date_gmt":"2017-11-27T09:11:31","guid":{"rendered":"http:\/\/shtheme.com\/demosd\/straight1\/?page_id=130"},"modified":"2025-08-19T20:23:51","modified_gmt":"2025-08-19T20:23:51","slug":"home-1","status":"publish","type":"page","link":"https:\/\/mundex.com\/wordpress\/","title":{"rendered":"Home 1"},"content":{"rendered":"<p>[vc_row][vc_column][rev_slider_vc alias=&#8221;slider5&#8243;][\/vc_column][\/vc_row][vc_row type_row=&#8221;welcome&#8221; ses_title=&#8221;Bienvenidos a Mundex&#8221; ses_subtitle=&#8221;Nuestro prinicpal objetivo, es brindar productos de excelencia que respondan a las necesidades y expectativas del mercado tanto internacional como nacional.&#8221;][vc_column width=&#8221;1\/3&#8243; type=&#8221;column&#8221;] \r\n        <div class=\"welcome_f_item\">\r\n      <i class=\"flaticon-users\"><\/i>\r\n      <h4>Madera Tropical<\/h4>\r\n      <p>La madera tropical se refiere a la madera obtenida de \u00e1rboles que crecen en selvas tropicales y bosques latifolios h\u00famedos tropicales y subtropicales. Estas maderas, a menudo duras, son utilizadas en diversas aplicaciones industriales.<\/p>\r\n  <\/div>\r\n  [\/vc_column][vc_column width=&#8221;1\/3&#8243; type=&#8221;column&#8221;] \r\n        <div class=\"welcome_f_item\">\r\n      <i class=\"flaticon-coins\"><\/i>\r\n      <h4>Productos del Mar<\/h4>\r\n      <p>El t\u00e9rmino producto del mar o comida del mar se refiere a cualquier forma de vida marina considerada como alimento por los humanos, que incluye principalmente peces\/pescado y mariscos. Los mariscos incluyen varias especies de moluscos, crust\u00e1ceos y equinodermos.<\/p>\r\n  <\/div>\r\n  [\/vc_column][vc_column width=&#8221;1\/3&#8243; type=&#8221;column&#8221;] \r\n        <div class=\"welcome_f_item\">\r\n      <i class=\"flaticon-connection\"><\/i>\r\n      <h4>Proximemente...<\/h4>\r\n      <p>Estaremos actualizando pr\u00f3ximamente, mant\u00e9ngase en contacto para saber m\u00e1s.<\/p>\r\n  <\/div>\r\n  [\/vc_column][\/vc_row][vc_row ses_image=&#8221;446&#8243;][vc_column] \r\n    <section class=\"practice_area pad_100\">\r\n            <div class=\"container\">\r\n                <div class=\"left_title\">\r\n                    <h2>Importaciones y Exportaciones<\/h2>\r\n                    <p>En 2022, las exportaciones de Panam\u00e1 alcanzaron los 3,652 millones de d\u00f3lares, mientras que las importaciones ascendieron a 15,224 millones de d\u00f3lares, seg\u00fan WITS (World Integrated Trade Solution). Panam\u00e1 exporta una variedad de productos, incluyendo banano, camarones congelados, teca en bruto, medicamentos y desperdicios de hierro o acero. Los principales destinos de exportaci\u00f3n son China, Jap\u00f3n, Corea del Sur, India y Alemania, seg\u00fan WITS<\/p>\r\n                <\/div>\r\n                <div class=\"practice_slider owl-carousel\">\r\n                                <\/div>\r\n            <\/div>\r\n        <\/section>\r\n\r\n[\/vc_column][\/vc_row][vc_row type_row=&#8221;since_area&#8221; ses_title=&#8221;Datos sobre las Tecas&#8221; ses_subtitle=&#8221;La teca es valorada por su madera<br \/>\nde alta calidad y resistencia.&#8221; ses_image=&#8221;343&#8243;][vc_column width=&#8221;1\/3&#8243; wap_class=&#8221;col-md-3 col-sm-4 col-xs-4&#8243; type=&#8221;column&#8221;] \r\n    <div class=\"since_count_item\">\r\n      <h4><span class=\"counter\">100,000<\/span><\/h4>\r\n      <p>Plantaciones por a\u00f1o.<\/p>\r\n  <\/div>\r\n[\/vc_column][vc_column width=&#8221;1\/3&#8243; wap_class=&#8221;col-md-3 col-sm-4 col-xs-4&#8243; type=&#8221;column&#8221;] \r\n    <div class=\"since_count_item\">\r\n      <h4><span class=\"counter\">300<\/span><\/h4>\r\n      <p>Densidad por hect\u00e1rea.<\/p>\r\n  <\/div>\r\n[\/vc_column][vc_column width=&#8221;1\/3&#8243; wap_class=&#8221;col-md-3 col-sm-4 col-xs-4&#8243; type=&#8221;column&#8221;] \r\n    <div class=\"since_count_item\">\r\n      <h4><span class=\"counter\">23.5<\/span><\/h4>\r\n      <p>Crecimiento Diametro en cm.<\/p>\r\n  <\/div>\r\n[\/vc_column][\/vc_row][vc_row][vc_column]<\/p>\n \r\n    <section class=\"video_text_area  pad_100\">\r\n      <div class=\"container\">\r\n          <div class=\"row\">\r\n              <div class=\"col-md-6 col-sm-6\">\r\n                  <div class=\"video_left_text\">\r\n                      <h3>Productos del mar<\/h3>\r\n                      <p>Somos una empresa l\u00edder en la exportaci\u00f3n de productos del mar, mariscos fresco y congelado de calidad.<br \/>\nEl pescado y los camarones est\u00e1n entre los principales productos de las exportaciones paname\u00f1as.<\/p>\r\n                      <a class=\"learn_btn\" href=\"#\">Ver m\u00e1s...<\/a>\r\n                  <\/div>\r\n              <\/div>\r\n              <div class=\"col-md-6 col-sm-6\">\r\n                  <div class=\"video_box\">\r\n                      <img decoding=\"async\" src=\"https:\/\/mundex.com\/wordpress\/wp-content\/uploads\/2025\/08\/medium-vecteezy_freshly-cooked-shrimp-scallops-and-lemon-with-parsley-and_46097240_medium.jpg\" alt=\"\">\r\n                      <a class=\"popup-youtube\" href=\"https:\/\/www.youtube.com\/watch?v=RQ0IXd47mLU\"><i class=\"flaticon-play-button\"><\/i><\/a>\r\n                  <\/div>\r\n              <\/div>\r\n          <\/div>\r\n      <\/div>\r\n  <\/section>\r\n\r\n\n<p>[\/vc_column][\/vc_row][vc_row][vc_column]    <section class=\"latest_news_area  pad_100\">\r\n            <div class=\"container\">\r\n                <div class=\"row m0\">\r\n                    <div class=\"pull-left\">\r\n                        <div class=\"left_title\">\r\n                            <h2>\u00daltimas noticias<\/h2>\r\n                        <\/div>\r\n                    <\/div>\r\n                    <div class=\"pull-right\">\r\n                        <a class=\"read_all\" href=\"#\">ver noticias...<\/a>\r\n                    <\/div>\r\n                <\/div>\r\n                <div class=\"row latest_blog_inner\">\r\n                                        <div class=\"col-md-4 col-sm-6\">\r\n                        <div class=\"blog_item\">\r\n                      <a href=\"https:\/\/mundex.com\/wordpress\/index.php\/2025\/08\/11\/how-we-can-capture-the-market-sales-4\/\" class=\"blog_img\">\r\n                          <img decoding=\"async\" src=\"https:\/\/mundex.com\/wordpress\/wp-content\/uploads\/2017\/11\/medium-vecteezy_container-ship-business-import-export-logistic-and_11347056_medium-copy.jpg\" alt=\"\">\r\n                      <\/a>\r\n                            <div class=\"text_blog\">\r\n                            <h5>August 11, 2025<\/h5>\r\n                            <a href=\"https:\/\/mundex.com\/wordpress\/index.php\/2025\/08\/11\/how-we-can-capture-the-market-sales-4\/\"><h3>Crecimiento del 42.98% en las exportaciones<\/h3><\/a>\r\n                            <p>                                 En Panam\u00e1, las noticias recientes sobre productos del mar destacan un crecimiento del 42.98% en las exportaciones de estos productos al cierre de 2024, alcanzando los $246.8 millones. El camar\u00f3n sigue siendo el principal producto de exportaci\u00f3n, con un valor FOB de $92.5 millones y un aumento del 69.16%...                                <\/p>\r\n                            <div class=\"blog_user\">\r\n                                <h4>                                    By                                    <a href=\"https:\/\/mundex.com\/wordpress\/index.php\/author\/admin_mundex\/\" title=\"Posts by admin\" rel=\"author\">admin<\/a><\/h4>\r\n                            <\/div>\r\n                        <\/div>\r\n                        <\/div>\r\n                    <\/div>\r\n                                                                                 <div class=\"col-md-4 col-sm-6\">\r\n                        <div class=\"blog_item\">\r\n                      <a href=\"https:\/\/mundex.com\/wordpress\/index.php\/2025\/08\/11\/how-we-can-capture-the-market-sales-6\/\" class=\"blog_img\">\r\n                          <img decoding=\"async\" src=\"https:\/\/mundex.com\/wordpress\/wp-content\/uploads\/2017\/11\/medium-vecteezy_yellow-stars-are-arranged-in-a-circle-on-a-blue-background_59373373_medium.jpg\" alt=\"\">\r\n                      <\/a>\r\n                            <div class=\"text_blog\">\r\n                            <h5>August 11, 2025<\/h5>\r\n                            <a href=\"https:\/\/mundex.com\/wordpress\/index.php\/2025\/08\/11\/how-we-can-capture-the-market-sales-6\/\"><h3>Panam\u00e1 exporta hacia la Uni\u00f3n Europea<\/h3><\/a>\r\n                            <p>                                 Panam\u00e1 ha logrado su primer env\u00edo de madera procesada a la Uni\u00f3n Europea, marcando un hito importante para las exportaciones de productos forestales paname\u00f1os, seg\u00fan Interborders. Aunque las cantidades iniciales son modestas, este logro demuestra la capacidad del pa\u00eds para cumplir con los exigentes est\u00e1ndares de calidad europeos. Adem\u00e1s,...                                <\/p>\r\n                            <div class=\"blog_user\">\r\n                                <h4>                                    By                                    <a href=\"https:\/\/mundex.com\/wordpress\/index.php\/author\/admin_mundex\/\" title=\"Posts by admin\" rel=\"author\">admin<\/a><\/h4>\r\n                            <\/div>\r\n                        <\/div>\r\n                        <\/div>\r\n                    <\/div>\r\n                                                                                 <div class=\"col-md-4 col-sm-6\">\r\n                        <div class=\"blog_item\">\r\n                      <a href=\"https:\/\/mundex.com\/wordpress\/index.php\/2025\/08\/10\/how-we-can-capture-the-market-sales-5\/\" class=\"blog_img\">\r\n                          <img decoding=\"async\" src=\"https:\/\/mundex.com\/wordpress\/wp-content\/uploads\/2017\/11\/medium-vecteezy_abstract-industry-maritime-fishnet-ropes-fishing-lines_3198667_medium.jpg\" alt=\"\">\r\n                      <\/a>\r\n                            <div class=\"text_blog\">\r\n                            <h5>August 10, 2025<\/h5>\r\n                            <a href=\"https:\/\/mundex.com\/wordpress\/index.php\/2025\/08\/10\/how-we-can-capture-the-market-sales-5\/\"><h3>M\u00e9xico y Panam\u00e1 impulsan red de pesca artesanal<\/h3><\/a>\r\n                            <p>                                 En un esfuerzo conjunto por reducir el impacto ambiental de la pesca artesanal de camar\u00f3n, especialistas del Instituto Mexicano de Investigaci\u00f3n de Pesca y Acuacultura Sustentable (IMIPAS) presentaron en la ARAP una innovadora propuesta: la adaptaci\u00f3n de la red suripera, un arte de pesca m\u00e1s selectivo y amigable con...                                <\/p>\r\n                            <div class=\"blog_user\">\r\n                                <h4>                                    By                                    <a href=\"https:\/\/mundex.com\/wordpress\/index.php\/author\/admin_mundex\/\" title=\"Posts by admin\" rel=\"author\">admin<\/a><\/h4>\r\n                            <\/div>\r\n                        <\/div>\r\n                        <\/div>\r\n                    <\/div>\r\n                                                                 <\/div>\r\n            <\/div>\r\n        <\/section>\r\n[\/vc_column][\/vc_row][vc_row type_row=&#8221;contact_querry_area&#8221; ses_image=&#8221;160&#8243;][vc_column][vc_column_text]\n<div class=\"wpcf7 no-js\" id=\"wpcf7-f381-o1\" lang=\"en-US\" dir=\"ltr\" data-wpcf7-id=\"381\">\n<div class=\"screen-reader-response\"><p role=\"status\" aria-live=\"polite\" aria-atomic=\"true\"><\/p> <ul><\/ul><\/div>\n<form action=\"\/wordpress\/index.php\/wp-json\/wp\/v2\/pages\/130#wpcf7-f381-o1\" method=\"post\" class=\"wpcf7-form init\" aria-label=\"Contact form\" novalidate=\"novalidate\" data-status=\"init\">\n<fieldset class=\"hidden-fields-container\"><input type=\"hidden\" name=\"_wpcf7\" value=\"381\" \/><input type=\"hidden\" name=\"_wpcf7_version\" value=\"6.1.1\" \/><input type=\"hidden\" name=\"_wpcf7_locale\" value=\"en_US\" \/><input type=\"hidden\" name=\"_wpcf7_unit_tag\" value=\"wpcf7-f381-o1\" \/><input type=\"hidden\" name=\"_wpcf7_container_post\" value=\"0\" \/><input type=\"hidden\" name=\"_wpcf7_posted_data_hash\" value=\"\" \/>\n<\/fieldset>\n<p><label> Your name<br \/>\n<span class=\"wpcf7-form-control-wrap\" data-name=\"your-name\"><input size=\"40\" maxlength=\"400\" class=\"wpcf7-form-control wpcf7-text wpcf7-validates-as-required\" autocomplete=\"name\" aria-required=\"true\" aria-invalid=\"false\" value=\"\" type=\"text\" name=\"your-name\" \/><\/span> <\/label>\n<\/p>\n<p><label> Your email<br \/>\n<span class=\"wpcf7-form-control-wrap\" data-name=\"your-email\"><input size=\"40\" maxlength=\"400\" class=\"wpcf7-form-control wpcf7-email wpcf7-validates-as-required wpcf7-text wpcf7-validates-as-email\" autocomplete=\"email\" aria-required=\"true\" aria-invalid=\"false\" value=\"\" type=\"email\" name=\"your-email\" \/><\/span> <\/label>\n<\/p>\n<p><label> Subject<br \/>\n<span class=\"wpcf7-form-control-wrap\" data-name=\"your-subject\"><input size=\"40\" maxlength=\"400\" class=\"wpcf7-form-control wpcf7-text wpcf7-validates-as-required\" aria-required=\"true\" aria-invalid=\"false\" value=\"\" type=\"text\" name=\"your-subject\" \/><\/span> <\/label>\n<\/p>\n<p><label> Your message (optional)<br \/>\n<span class=\"wpcf7-form-control-wrap\" data-name=\"your-message\"><textarea cols=\"40\" rows=\"10\" maxlength=\"2000\" class=\"wpcf7-form-control wpcf7-textarea\" aria-invalid=\"false\" name=\"your-message\"><\/textarea><\/span> <\/label>\n<\/p>\n<p><input class=\"wpcf7-form-control wpcf7-submit has-spinner\" type=\"submit\" value=\"Submit\" \/>\n<\/p><div class=\"wpcf7-response-output\" aria-hidden=\"true\"><\/div>\n<\/form>\n<\/div>\n[\/vc_column_text][\/vc_column][\/vc_row]<\/p>\n","protected":false},"excerpt":{"rendered":"<p>[vc_row][vc_column][rev_slider_vc alias=&#8221;slider5&#8243;][\/vc_column][\/vc_row][vc_row type_row=&#8221;welcome&#8221; ses_title=&#8221;Bienvenidos a Mundex&#8221; ses_subtitle=&#8221;Nuestro prinicpal objetivo, es brindar productos de excelencia que respondan a las necesidades y expectativas del mercado tanto internacional como nacional.&#8221;][vc_column width=&#8221;1\/3&#8243; type=&#8221;column&#8221;][\/vc_column][vc_column width=&#8221;1\/3&#8243; type=&#8221;column&#8221;][\/vc_column][vc_column width=&#8221;1\/3&#8243; type=&#8221;column&#8221;][\/vc_column][\/vc_row][vc_row ses_image=&#8221;446&#8243;][vc_column][\/vc_column][\/vc_row][vc_row type_row=&#8221;since_area&#8221; ses_title=&#8221;Datos sobre las Tecas&#8221; ses_subtitle=&#8221;La teca es valorada por su madera de alta calidad y resistencia.&#8221; ses_image=&#8221;343&#8243;][vc_column width=&#8221;1\/3&#8243; wap_class=&#8221;col-md-3 col-sm-4 [&hellip;]<\/p>\n","protected":false},"author":1,"featured_media":0,"parent":0,"menu_order":0,"comment_status":"closed","ping_status":"closed","template":"page-templates\/template-home.php","meta":{"footnotes":""},"class_list":["post-130","page","type-page","status-publish","hentry"],"_links":{"self":[{"href":"https:\/\/mundex.com\/wordpress\/index.php\/wp-json\/wp\/v2\/pages\/130","targetHints":{"allow":["GET"]}}],"collection":[{"href":"https:\/\/mundex.com\/wordpress\/index.php\/wp-json\/wp\/v2\/pages"}],"about":[{"href":"https:\/\/mundex.com\/wordpress\/index.php\/wp-json\/wp\/v2\/types\/page"}],"author":[{"embeddable":true,"href":"https:\/\/mundex.com\/wordpress\/index.php\/wp-json\/wp\/v2\/users\/1"}],"replies":[{"embeddable":true,"href":"https:\/\/mundex.com\/wordpress\/index.php\/wp-json\/wp\/v2\/comments?post=130"}],"version-history":[{"count":22,"href":"https:\/\/mundex.com\/wordpress\/index.php\/wp-json\/wp\/v2\/pages\/130\/revisions"}],"predecessor-version":[{"id":463,"href":"https:\/\/mundex.com\/wordpress\/index.php\/wp-json\/wp\/v2\/pages\/130\/revisions\/463"}],"wp:attachment":[{"href":"https:\/\/mundex.com\/wordpress\/index.php\/wp-json\/wp\/v2\/media?parent=130"}],"curies":[{"name":"wp","href":"https:\/\/api.w.org\/{rel}","templated":true}]}}